{"id":980,"date":"2014-09-12T16:38:26","date_gmt":"2014-09-12T14:38:26","guid":{"rendered":"http:\/\/www.unitreorte.it\/?page_id=980"},"modified":"2014-09-12T16:38:26","modified_gmt":"2014-09-12T14:38:26","slug":"statuto","status":"publish","type":"page","link":"https:\/\/unitreorte.it\/wordpress\/statuto\/","title":{"rendered":"STATUTO"},"content":{"rendered":"<p><strong>ASSOCIAZIONE NAZIONALE UNIVERSIT<\/strong><strong>\u00c1<\/strong><strong> DELLA TERZA ET<\/strong><strong>\u00c1<\/strong><\/p>\n<p>UNITRE<\/p>\n<p>UNIVERSIT\u00c0 DELLE TRE ET\u00c0<\/p>\n<p><strong>STATUTO SEDE DI ORTE<\/strong><\/p>\n<p>Approvato dall\u2019assemblea del 29\/05\/09<\/p>\n<p>&nbsp;<\/p>\n<p><strong>Art. 1 \u2013 Denominazione<\/strong><\/p>\n<p>1.) E\u2019 costituita la Sede locale dell\u2019UNITRE di Orte. Associazione di promozione sociale e culturale senza scopo di lucro, basata sul volontariato e aderente all\u2019Associazione Nazionale delle Universit\u00e0 della Terza Et\u00e0, avente sede in Torino, in Corso Francia n 5.<\/p>\n<p>2.) L\u2019Associazione locale, assume la denominazione di \u201cUniversit\u00e0 della Terza Et\u00e0 \u2013 sede di Orte &#8211; siglabile UNITRE, Universit\u00e0 delle Tre Et\u00e0, con Sede legale in Piazza Padre Geramia Subiaco cap.01028 citt\u00e0 Orte.<\/p>\n<p>&nbsp;<\/p>\n<p><strong>Art. 2 \u2013 Riconoscimento<\/strong><\/p>\n<p>&nbsp;<\/p>\n<p>1.) La Sede locale, avendo ottenuto in data 29\/05\/09 il riconoscimento ufficiale da parte dell\u2019Associazione Nazionale ai sensi dell\u2019art. 5 dello Statuto Nazionale, ne utilizza la denominazione, la sigla e il marchio e si impegna a rispettare i principi dello Statuto stesso.<\/p>\n<p>&nbsp;<\/p>\n<p><strong>Art. 3 \u2013 Finalit\u00e0<\/strong><\/p>\n<p>&nbsp;<\/p>\n<p>1.) Le finalit\u00e0 della Sede locale sono quelle previste dall\u2019art. 2 dello Statuto Nazionale e pi\u00f9 precisamente:<\/p>\n<p>&nbsp;<\/p>\n<ul>\n<li>educare;<\/li>\n<li>formare;<\/li>\n<li>informare;<\/li>\n<li>fare prevenzione nell\u2019ottica di una educazione permanente, ricorrente e rinnovata e di un invecchiamento attivo;<\/li>\n<li>promuovere la ricerca ;<\/li>\n<li>aprirsi al sociale e al territorio;<\/li>\n<li>operare un confronto ed una sintesi tra le culture delle precedenti generazioni e quella attuale al fine di realizzare una \u201cAccademia di Umanit\u00e0\u201d che evidenzi \u201cl\u2019Essere oltre che il Sapere\u201d;<\/li>\n<li>contribuire alla promozione culturale e sociale degli Associati mediante l\u2019attivazione di incontri, corsi e laboratori su argomenti specifici e la realizzazione di altre attivit\u00e0 affini predisponendo ed attuando iniziative concrete;<\/li>\n<li>promuovere, attuare e sostenere studi, ricerche ed altre iniziative culturali e sociali per realizzare un aggiornamento permanente e ricorrente degli Associati e per il confronto fra le culture generazionali diverse.<\/li>\n<li><\/li>\n<\/ul>\n<p><strong>Art. 4 \u2013 Adesioni<\/strong><\/p>\n<p>1.) Le adesioni alla Sede avvengono senza alcuna distinzione di etnia, religione, nazionalit\u00e0, condizione sociale, convinzione politica nel pieno rispetto dei principi di democrazia, apartiticit\u00e0 ed aconfessionalit\u00e0.<\/p>\n<p><strong>\u00a0<\/strong><\/p>\n<p><strong>Art. 5 \u2013 Associati<\/strong><\/p>\n<p>1.) Sono Associati:<\/p>\n<p>a.) Gli Associati fondatori che hanno dato vita alla fondazione firmando l\u2019atto costitutivo della Sede;<\/p>\n<p>b.) Gli Associati ordinariche vengono successivamente chiamati a far parte dell\u2019Assemblea generale degli Associati, secondo la procedura stabilita dal Regolamento;<\/p>\n<p>c.) Gli Associati onorari,scelti secondo la procedura stabilita dal Regolamento, fra persone che, per professionalit\u00e0, competenza e particolari benemerenze possono concorrere al prestigio, alla crescita ed all\u2019efficienza della Sede locale;<\/p>\n<p>d.) Gli Associati studentiitaliani e stranieri, che, avendo raggiunto la maggiore et\u00e0, chiedano di frequentare i corsi, i laboratori ed altre eventuali attivit\u00e0;<\/p>\n<p>e.) Gli Associati docenti .<\/p>\n<p>&nbsp;<\/p>\n<p>2.) Indipendentemente dalle loro qualifiche, partecipano alla vita sociale ed esercitano i diritti conseguenti solo gli Associati che sono in regola con la quota associativa annuale.<\/p>\n<p>3.) Si perde la qualit\u00e0 di Associato per decesso o dimissioni; la decadenza per indegnit\u00e0 \u00e8 deliberata dal Consiglio Direttivo e deve essere ratificata dall\u2019Assemblea generale degli Associati<strong>.<\/strong><\/p>\n<p>4.) Il numero complessivo dei Soci fondatori ed ordinari non pu\u00f2 essere superiore a 60 persone.<\/p>\n<p><strong>\u00a0<\/strong><\/p>\n<p><strong>Art. 6 \u2013 Organi della Sede Locale<\/strong><\/p>\n<p><strong>\u00a0<\/strong><\/p>\n<p>1.) Sono Organi della Sede locale:<\/p>\n<p>a)\u00a0\u00a0 L\u2019Assemblea generale degli Associati;<\/p>\n<p>b)\u00a0\u00a0 Il Consiglio Direttivo;<\/p>\n<p>c)\u00a0\u00a0 Il Presidente;<\/p>\n<p>d)\u00a0\u00a0 Il Vice Presidente o i Vice Presidenti;<\/p>\n<p>e)\u00a0\u00a0 Il Direttore dei corsi e uno o pi\u00f9 Vice Direttori;<\/p>\n<p>f)\u00a0\u00a0\u00a0\u00a0 Il Segretario;<\/p>\n<p>g)\u00a0\u00a0 Il Tesoriere;<\/p>\n<p>h)\u00a0\u00a0 Il Collegio dei Revisori dei Conti;<\/p>\n<p>i)\u00a0\u00a0\u00a0\u00a0 L\u2019Assemblea degli associati Studenti;<\/p>\n<p><strong>\u00a0<\/strong><\/p>\n<p><strong>Art. 7 \u2013 Composizione e competenze dell\u2019Assemblea Generale<\/strong><\/p>\n<p>1.) L\u2019Assemblea generale degli Associati \u00e8 formata da:<\/p>\n<p>a) Associati fondatori<\/p>\n<p>b) Associati onorari<\/p>\n<p>c)\u00a0\u00a0\u00a0 Associati ordinari<\/p>\n<p>d)La rappresentanza degli Associati studenti<\/p>\n<p>&nbsp;<\/p>\n<p>2.) L\u2019Assemblea generale elegge, con votazione segreta scegliendo tra i soli Associati componenti l\u2019assemblea stessa, i Componenti di tutti gli Organi e cariche associative.<\/p>\n<p>3.) Tutte le cariche associative hanno una durata di tre anni accademici e sono rinnovabili.<\/p>\n<p>4.) L\u2019Assemblea \u00e8 convocata dal Presidente di norma almeno una volta all\u2019anno.<\/p>\n<p>Si riunisce in via straordinaria quando lo ritiene necessario il Presidente, il Consiglio Direttivo o su richiesta di almeno un terzo dei componenti l\u2019Assemblea: in quest\u2019ultimo caso il Presidente deve convocare l\u2019Assemblea entro quindici giorni dalla richiesta.<\/p>\n<p>5.) L\u2019avviso di convocazione dell\u2019Assemblea generale degli Associati, sia ordinaria che straordinaria, deve essere inviato con lettera indicante la data, l\u2019ora, il luogo della riunione e l\u2019ordine del giorno, almeno quindicigiorni prima della data fissata, oppure con un avviso in bacheca esposto in segreteria e nelle sedi dei corsi.<\/p>\n<p>6.) L\u2019Assemblea \u00e8 regolarmente costituita con la presenza di almeno il 51% dei suoi componenti in prima convocazione e con qualunque sia il numero dei presenti in seconda convocazione da tenersi almeno un\u2019ora dopo. \u00c9 ammessa una sola delega per partecipante.<\/p>\n<p>7.) L\u2019Assemblea generale degli Associati ha le seguenti competenze:<\/p>\n<p>a)\u00a0\u00a0\u00a0 approva lo Statuto della Sede locale e le eventuali modifiche;<\/p>\n<p>b)\u00a0\u00a0\u00a0 accetta lo Statuto nazionale e le eventuali variazioni;<\/p>\n<p>c)\u00a0\u00a0\u00a0 elegge le cariche sociali, precisandone la composizione numerica, ove previsto;<\/p>\n<p>d)\u00a0\u00a0\u00a0 approva il rendiconto preventivo e quello consuntivo dell\u2019esercizio sociale. Il consuntivo deve essere approvato entro quattro mesi dalla chiusura dell\u2019anno finanziario;<\/p>\n<p>e)\u00a0\u00a0\u00a0 approva le quote associative annuali proposte dal Consiglio Direttivo;<\/p>\n<p>f)\u00a0\u00a0\u00a0\u00a0\u00a0 delibera la costituzione di Sezioni dipendenti dalla Sede locale da proporre al Presidente Nazionale, a norma dell\u2019art. 2 del Regolamento Nazionale;<\/p>\n<p>g)\u00a0\u00a0\u00a0 ratifica i provvedimenti disciplinari deliberati dal Consiglio Direttivo;<\/p>\n<p>h)\u00a0\u00a0\u00a0 dichiara la decadenza e l\u2019espulsione degli Associati;<\/p>\n<p>i)\u00a0\u00a0\u00a0\u00a0\u00a0 L\u2019Assemblea delibera su ogni altro oggetto che non sia di competenza del Consiglio Direttivo o del Presidente;<\/p>\n<p>8.) L\u2019Assemblea delibera a maggioranza semplice (cinquanta percento pi\u00f9 uno dei presenti). Per le delibere relative a modifiche statutarie si richiede la maggioranza assoluta, (cinquanta per cento pi\u00f9 uno degli aventi diritto).<\/p>\n<p><strong>\u00a0<\/strong><\/p>\n<p><strong>Art. 8 \u2013 Consiglio Direttivo<\/strong><\/p>\n<p>1.) Il Consiglio Direttivo \u00e8 composto da:<\/p>\n<p>a)\u00a0\u00a0\u00a0 Il Presidente;<\/p>\n<p>b)\u00a0\u00a0\u00a0 Il Vice Presidente;<\/p>\n<p>c)\u00a0\u00a0\u00a0 Il Direttore dei Corsi e uno o pi\u00f9 Vice Direttori;<\/p>\n<p>d)\u00a0\u00a0\u00a0 Il Segretario;<\/p>\n<p>e)\u00a0\u00a0\u00a0 Il Tesoriere;<\/p>\n<p>f)\u00a0\u00a0\u00a0\u00a0\u00a0 I Consiglieri eletti dall\u2019Assemblea Generale degli Associati; ( da \u2026\u2026. a\u2026\u2026\u2026Consiglieri)<\/p>\n<p>g)\u00a0\u00a0\u00a0 I Rappresentanti eletti dall\u2019Assemblea degli Associati studenti<\/p>\n<p>&nbsp;<\/p>\n<p>2.) Al Consiglio Direttivo compete:<\/p>\n<p>&nbsp;<\/p>\n<p>a)\u00a0\u00a0\u00a0 proporre all\u2019Assemblea le quote sociali annuali;<\/p>\n<p>b)\u00a0\u00a0\u00a0 curare la formazione del rendiconto preventivo e di quello consuntivo da sottoporre all\u2019approvazione dell\u2019Assemblea degli Associati;<\/p>\n<p>c)\u00a0\u00a0\u00a0 deliberare le spese e gestire l\u2019ordinaria e la straordinaria amministrazione, nel rispetto della normativa vigente;<\/p>\n<p>d)\u00a0\u00a0\u00a0 formulare il programma dei corsi e dei laboratori informandone l\u2019Assemblea;<\/p>\n<p>e)\u00a0\u00a0\u00a0 eleggere i Delegati per l\u2019Assemblea Nazionale, secondo le modalit\u00e0 previste dal Regolamento;<\/p>\n<p>f)\u00a0\u00a0\u00a0\u00a0\u00a0 elaborare proposte di modifica dello Statuto della Sede ed approvare ogni regolamento previsto;<\/p>\n<p>g)\u00a0\u00a0\u00a0 adottare, in caso di assoluta urgenza, deliberazioni di competenza dell\u2019Assemblea degli Associati sottoponendole alla ratifica nella prima riunione dell\u2019Assemblea stessa;<\/p>\n<p>h)\u00a0\u00a0\u00a0 disporre, secondo la gravit\u00e0 di fatti contestati, l\u2019adozione a carico degli Associati e di coloro che prestano volontaria collaborazione con la Sede locale, di provvedimenti disciplinari da far ratificare all\u2019Assemblea;<\/p>\n<p>3.) Le riunioni del Consiglio Direttivo sono valide con la presenza di almeno la met\u00e0 dei Componenti e le deliberazioni devono essere prese a maggioranza semplice (cinquanta per cento pi\u00f9 uno dei presenti). In caso di parit\u00e0 prevale il voto del Presidente nelle votazioni palesi.<\/p>\n<p>Non sono ammesse deleghe.<\/p>\n<p><strong>\u00a0<\/strong><\/p>\n<p><strong>Art. 9 \u2013 Il Presidente<\/strong><\/p>\n<p>1.) Il Presidente ha la rappresentanza legale della Sede locale ed ha il compito di:<\/p>\n<p>a)\u00a0\u00a0\u00a0 convocare e presiedere l\u2019Assemblea Generale e il Consiglio Direttivo, dirigendone i lavori;<\/p>\n<p>b)\u00a0\u00a0\u00a0 proporre gli argomenti da sottoporre all\u2019Assemblea Generale e formulare l\u2019ordine del giorno per le riunioni del Consiglio Direttivo;<\/p>\n<p>c)\u00a0\u00a0\u00a0 prendere le iniziative ed adottare i provvedimenti indispensabili per il buon funzionamento della Sede in attuazione delle deliberazioni dell\u2019 Assemblea e del Consiglio Direttivo.<\/p>\n<p>d)\u00a0\u00a0\u00a0 attribuire, in accordo con il Consiglio Direttivo,incarichi specifici delegando compiti particolari ai componenti del Direttivo e agli Associati competenti in materia.<\/p>\n<p>&nbsp;<\/p>\n<p><strong>Art. 10 \u2013 Il Vice Presidente<\/strong><\/p>\n<p>1.) Il Vice Presidente sostituisce il Presidente in caso di assenza o di impedimento<\/p>\n<p>&nbsp;<\/p>\n<p><strong>Art. 11 \u2013 Il Direttore dei Corsi<\/strong><\/p>\n<p>1.) Il Direttore dei Corsi coordina l\u2019attivit\u00e0 culturale e didattica della Sede e presiede allo svolgimento dei corsi e laboratori decisi dal Consiglio Direttivo nonch\u00e9 ad ogni altra attivit\u00e0 didattica e culturale, avvalendosi della collaborazione dei Docenti.<\/p>\n<p>&nbsp;<\/p>\n<p><strong>Art. 12 \u2013 Il Segretario<\/strong><\/p>\n<p>1.) Il Segretario redige i verbali dell\u2019Assemblea Generale e del Consiglio Direttivo, sottoscrivendoli assieme al Presidente. Dai verbali devono risultare le deliberazioni adottate e l\u2019esito delle votazioni.<\/p>\n<p>2.) Svolge le altre mansioni amministrative necessarie al buon funzionamento dell\u2019Ufficio di Segreteria.<\/p>\n<p>&nbsp;<\/p>\n<p><strong>Art. 13 \u2013 Il Tesoriere<\/strong><\/p>\n<p>1.) Il Tesoriere tiene tutti i registri contabili e la relativa documentazione nonch\u00e9 l\u2019inventario dei beni di propriet\u00e0 della Sede.<\/p>\n<p>2.) Provvede alla compilazione del rendiconto preventivo e di quello consuntivo da presentare in tempo utile al Consiglio Direttivo.<\/p>\n<p>3.) Redige la relazione finanziaria che accompagna il consuntivo illustrandola ai competenti Organi collegiali.<\/p>\n<p>4.) L\u2019Associazione ha facolt\u00e0 di aprire conti e depositi bancari e\/o postali: l\u2019accensione e l\u2019utilizzo di tali conti e\/o depositi intestati alla Sede Locale avverranno con firma singola del Presidente; il Tesoriere pu\u00f2 essere delegato dal Presidente alla firma degli atti di ordinaria amministrazione.<\/p>\n<p>&nbsp;<\/p>\n<p><strong>Art. 14 \u2013 Collegio dei Revisori dei Conti<\/strong><\/p>\n<p>1.) Il Collegio dei Revisori dei Conti \u00e8 composto da tre Membri effettivi e due supplenti.<\/p>\n<p>Ha il compito di verificare e controllare il rendiconto e la corretta corrispondente documentazione, ivi compreso un inventario dei beni. Redige la relazione che deve accompagnare il documento contabile.<\/p>\n<p>2.) I Revisori dei Conti non possono far parte del Consiglio Direttivo.<\/p>\n<p><strong>\u00a0<\/strong><\/p>\n<p><strong>Art. 15 \u2013 Assemblea degli Associati Studenti<\/strong><\/p>\n<p><strong>\u00a0\u00a0\u00a0\u00a0\u00a0\u00a0\u00a0\u00a0\u00a0\u00a0 \u00a0\u00a0 Composizione e Competenze<\/strong><\/p>\n<p>1.) L\u2019Assemblea degli Associati studenti \u00e8 composta da tutti gli Associati studenti in regola con il pagamento della quota associativa relativa all\u2019anno accademico in corso. L\u2019Assemblea viene convocata di norma una volta all\u2019anno.<\/p>\n<p>2.) Competenze dell\u2019Assemblea sono:<\/p>\n<p>a)\u00a0 eleggere tra i propri Membri da 2 a 6 Rappresentanti,in relazione al numero degli associati, che entrano a far parte dell\u2019Assemblea Generale;<\/p>\n<p>b)\u00a0 proporre attivit\u00e0 sociali, ricreative e assistenziali che possono integrare la parte didattica e culturale della Sede locale (Accademia di Umanit\u00e0);<\/p>\n<p>c)\u00a0 collaborare con il Consiglio Direttivo per migliorare il funzionamento della Sede.<\/p>\n<p>&nbsp;<\/p>\n<p><strong>Art. 16 \u2013 Sezioni<\/strong><\/p>\n<p>1.) La Sede locale pu\u00f2 proporre l\u2019apertura di Sezioni al Presidente Nazionale,<\/p>\n<p>I rapporti organizzativi, gestionali, contabili e didattici tra le Sezioni e la Sede di appartenenza sono disciplinati con apposito regolamento, tenendo comunque conto che la Sezione ha una propria autonomia finanziaria.<\/p>\n<p>2.) Le Sezioni che raggiungono una sufficiente autonomia funzionale possono chiedere alla Presidenza Nazionale di essere riconosciute come Sedi locali, richiedendo il riconoscimento ufficiale di cui all\u2019art. 2 del Regolamento allo Statuto Nazionale.<\/p>\n<p>&nbsp;<\/p>\n<p><strong>Art. 17 \u2013 Rendiconto economico finanziario<\/strong><\/p>\n<p>1.) L\u2019anno accademico e finanziario ha inizio il 1\u00b0 luglio e si chiude il 30 giugno dell\u2019anno successivo, fatte salve le autonomie regionali.<\/p>\n<p>2.) E\u2019 fatto obbligo di redigere un rendiconto, sottoscritto dal Tesoriere e dal Presidente da far approvare dal Consiglio Direttivo e successivamente dall\u2019Assemblea Generale entro quattro mesi dalla chiusura dell\u2019esercizio.<\/p>\n<p>3.) L\u2019associazione \u00e8 senza fine di lucro ed \u00e8 quindi fatto divieto di distribuire dei proventi agli Associati anche in forma indiretta. Eventuali avanzi di gestione devono essere reinvestiti a favore di attivit\u00e0 istituzionali.<\/p>\n<p><strong>\u00a0<\/strong><\/p>\n<p><strong>Art. 18 \u2013 Patrimonio<\/strong><\/p>\n<p>1.) Il Patrimonio dell\u2019Associazione \u00e8 costituito:<\/p>\n<p>a)\u00a0\u00a0 dalle quote sociali;<\/p>\n<p>b)\u00a0\u00a0 da contributi o sovvenzioni di Enti Pubblici e\/o privati per la realizzazione di obiettivi conformi agli scopi dell\u2019Associazione;<\/p>\n<p>c)\u00a0\u00a0 dai beni mobili ed immobili acquisiti;<\/p>\n<p>d)\u00a0\u00a0 da ogni altra entrata consentita dalla legge e accettata dall\u2019Associazione. Gli avanzi di bilancio non possono, in nessun caso, essere divisi fra gli Associati, anche in forme indirette, e devono essere destinati unicamente al conseguimento delle finalit\u00e0 dell\u2019Associazione.<\/p>\n<p>2.) Non sono ammesse distrazioni di fondi ad altri scopi se non quelli previsti dal presente Statuto.<\/p>\n<p>&nbsp;<\/p>\n<p><strong>Art. 29 \u2013 Gratuit\u00e0 delle prestazioni<\/strong><\/p>\n<p>1.) Lo svolgimento delle cariche, delle funzioni e dei compiti previsti dal presente Statuto avviene gratuitamente, salvo il rimborso delle spese effettivamente sostenute ed autorizzate.<\/p>\n<p>&nbsp;<\/p>\n<p>&nbsp;<\/p>\n<p><strong>Art. 20 \u2013 Recesso dall\u2019Associazione Nazionale<\/strong><\/p>\n<p>1.) La Sede pu\u00f2 recedere dall\u2019Associazione Nazionale con deliberazione dell\u2019Assemblea Generale assunta a maggioranza assoluta dei Componenti, dandone comunicazione scritta al Presidente Nazionale.<\/p>\n<p>&nbsp;<\/p>\n<p><strong>Art. 21\u2013 Scioglimento della Sede Locale<\/strong><\/p>\n<p>1.) Lo scioglimento della Sede \u00e8 deliberato dall\u2019Assemblea Generale con la maggioranza assoluta dei componenti. Il Patrimonio viene devoluto alla Associazione Nazionale o ad una Associazione che persegua finalit\u00e0 di utilit\u00e0 sociale, secondo quanto decider\u00e0 l\u2019Assemblea al momento dello scioglimento.<\/p>\n<p>2.) In caso di scioglimento della Sede locale i verbali e la documentazione pi\u00f9 importante devono essere trasmessi alla Segreteria Nazionale.<\/p>\n<p>&nbsp;<\/p>\n<p><strong>Art. 22\u2013 Norme finali<\/strong><\/p>\n<p>1.) Per quanto non contemplato nel presente Statuto si fa rinvio al Codice Civile e alle Leggi nazionali e regionali vigenti in materia e allo Statuto dell\u2019Associazione Nazionale.<\/p>\n","protected":false},"excerpt":{"rendered":"<p>ASSOCIAZIONE NAZIONALE UNIVERSIT\u00c1 DELLA TERZA ET\u00c1 UNITRE UNIVERSIT\u00c0 DELLE TRE ET\u00c0 STATUTO SEDE DI ORTE Approvato dall\u2019assemblea del 29\/05\/09 &nbsp; Art. 1 \u2013 Denominazione 1.) E\u2019 costituita la Sede locale dell\u2019UNITRE di Orte. Associazione di promozione sociale e culturale senza scopo di lucro, basata sul volontariato e aderente all\u2019Associazione Nazionale delle Universit\u00e0 della Terza Et\u00e0, [&hellip;]<\/p>\n","protected":false},"author":2,"featured_media":0,"parent":0,"menu_order":0,"comment_status":"closed","ping_status":"closed","template":"","meta":{"footnotes":""},"class_list":["post-980","page","type-page","status-publish","hentry"],"_links":{"self":[{"href":"https:\/\/unitreorte.it\/wordpress\/wp-json\/wp\/v2\/pages\/980","targetHints":{"allow":["GET"]}}],"collection":[{"href":"https:\/\/unitreorte.it\/wordpress\/wp-json\/wp\/v2\/pages"}],"about":[{"href":"https:\/\/unitreorte.it\/wordpress\/wp-json\/wp\/v2\/types\/page"}],"author":[{"embeddable":true,"href":"https:\/\/unitreorte.it\/wordpress\/wp-json\/wp\/v2\/users\/2"}],"replies":[{"embeddable":true,"href":"https:\/\/unitreorte.it\/wordpress\/wp-json\/wp\/v2\/comments?post=980"}],"version-history":[{"count":0,"href":"https:\/\/unitreorte.it\/wordpress\/wp-json\/wp\/v2\/pages\/980\/revisions"}],"wp:attachment":[{"href":"https:\/\/unitreorte.it\/wordpress\/wp-json\/wp\/v2\/media?parent=980"}],"curies":[{"name":"wp","href":"https:\/\/api.w.org\/{rel}","templated":true}]}}