{"id":3,"date":"2022-07-25T17:06:41","date_gmt":"2022-07-25T15:06:41","guid":{"rendered":"http:\/\/unitreorte.it\/wordpress\/?page_id=3"},"modified":"2022-07-26T19:50:09","modified_gmt":"2022-07-26T17:50:09","slug":"privacy-policy","status":"publish","type":"page","link":"https:\/\/unitreorte.it\/wordpress\/privacy-policy\/","title":{"rendered":"Privacy policy"},"content":{"rendered":"<p>Privacy policy: i Dlgs 69 e 70\/2012 su \u201cPrivacy sito web\u201d stabiliscono (in conformit\u00e0 alle direttive europee, che dal 3\/6\/2015 \u00e8 obbligatorio pubblicare nei siti l\u2019informativa privacy del sito web, detta anche \u201cPrivacy policy sito web\u201c.<\/p>\n<p><!-- \/wp:post-content --><!-- wp:paragraph --><\/p>\n<p><strong>Privacy policy sito web \u201cRealizzazione siti web e SEO Google\u201d<\/strong><br \/>\nQuesta pagina descrive le modalit\u00e0 di gestione del sito, in riferimento al trattamento dei dati personali degli utenti che lo consultano e dei cookie che vengono a loro associati, per i quali viene adottata una Privacy policy specifica.<br \/>\nSi tratta di un&#8217;informativa rivolta a coloro che interagiscono con i servizi web per la protezione dei dati personali, accessibili per via telematica, a partire dall&#8217;indirizzo di root del dominio, corrispondente alla pagina iniziale del sito.<br \/>\nL&#8217;informativa \u00e8 resa solo per il presente sito e non per altri siti web eventualmente consultati dall&#8217;utente tramite link.<br \/>\nL&#8217;informativa si ispira alla Raccomandazione n. 2\/2001 che le autorit\u00e0 europee per la protezione dei dati personali, riunite nel Gruppo istituito dall\u2019art. 29 della direttiva n. 95\/46\/CE, hanno adottato il 17 maggio 2001 per individuare alcuni requisiti minimi per la raccolta di dati personali on-line e, in particolare, le informazioni che i titolari del trattamento devono fornire agli utenti quando questi si collegano a pagine web, indipendentemente dagli scopi del collegamento.<\/p>\n<p><!-- \/wp:paragraph --><!-- wp:paragraph --><\/p>\n<p><strong>TITOLARE DEL TRATTAMENTO<\/strong><br \/>\nA seguito della consultazione di questo sito possono essere trattati dati relativi a persone identificate o identificabili.<br \/>\n<strong>Il \u201ctitolare\u201d del trattamento per la protezione dei dati personali \u00e8 UNITRE ORTE.<\/strong><\/p>\n<p><!-- \/wp:paragraph --><!-- wp:paragraph --><\/p>\n<p><strong>LUOGO DI TRATTAMENTO DEI DATI E COMUNICAZIONE DEI DATI A TERZI<\/strong><br \/>\nI trattamenti connessi ai servizi web di questo sito hanno luogo presso la sede del titolare del trattamento-dati e sono curati da personale tecnico dell\u2019Ufficio incaricato del trattamento.<br \/>\nI dati raccolti sono comunicati, qualora necessario, agli uffici amministrativi dei partner selezionati dal titolare del trattamento-dati, per l\u2019espletamento dei servizi richiesti o trattati dagli incaricati di eventuali operazioni di manutenzione.<br \/>\nI dati personali forniti dagli utenti nei moduli presenti sul sito per richiedere l\u2019invio di materiale informativo (documenti, bollettini, cd-rom, newsletter, relazioni, risposte a quesiti, atti, provvedimenti ecc.) o per richiedere consulenze, informazioni, preventivi o iscrizioni a newsletter di settore offerte dal nostro sito, sono utilizzati al solo fine di eseguire il servizio o la prestazione richiesta e sono comunicati ai nostri Partner commerciali quando necessario.<br \/>\nI partner del titolare del trattamento-dati hanno facolt\u00e0 di contattare l\u2019utente che, inviando i suoi dati, acconsente a ci\u00f2.<br \/>\nL\u2019utente pu\u00f2 richiedere la cancellazione dei suoi dati in ogni momento, secondo quanto indicato nel paragrafo successivo sul Diritto degli Interessati.<\/p>\n<p><!-- \/wp:paragraph --><!-- wp:paragraph --><\/p>\n<p><!-- \/wp:paragraph --><!-- wp:paragraph --><\/p>\n<p><strong>TIPI DI DATI TRATTATI<\/strong><\/p>\n<p><!-- \/wp:paragraph --><!-- wp:paragraph --><\/p>\n<p>DATI DI NAVIGAZIONE<br \/>\nI sistemi informatici e le procedure software preposte al funzionamento di questo sito web acquisiscono, nel corso del loro normale esercizio, alcuni dati personali la cui trasmissione \u00e8 implicita nell\u2019uso dei protocolli di comunicazione di Internet.<br \/>\nSi tratta di informazioni che non sono raccolte per identificare gli utenti ma che, attraverso elaborazioni ed associazione con dati detenuti da terzi, potrebbero permettere di identificare gli utenti.<br \/>\nIn questa categoria di dati rientrano gli indirizzi IP o i nomi a dominio dei computer utilizzati dagli utenti che si connettono al sito, gli indirizzi in notazione URI (Uniform Resource Identifier) delle risorse richieste, l\u2019orario della richiesta, il metodo utilizzato nel sottoporre la richiesta al server, la dimensione del file ottenuto in risposta, il codice numerico indicante lo stato della risposta data dal server (buon fine, errore, ecc.) ed altri parametri relativi al sistema operativo e all\u2019ambiente informatico dell\u2019utente.<br \/>\nQuesti dati vengono utilizzati al solo fine di ricavare informazioni statistiche anonime sull\u2019uso del sito e per controllarne il corretto funzionamento, ma vengono cancellati immediatamente dopo l\u2019elaborazione.<br \/>\nI dati potrebbero essere utilizzati per l\u2019accertamento di responsabilit\u00e0 in caso di ipotetici reati informatici ai danni del sito, Salva questa eventualit\u00e0, i dati sui contatti web non persistono per pi\u00f9 di sette giorni.<\/p>\n<p><!-- \/wp:paragraph --><!-- wp:paragraph --><\/p>\n<p>DATI RELATIVI AI COOKIE: COOKIE POLICY<br \/>\nUtilizzando il nostro sito web, l\u2019eventuale app mobile, i servizi forniti tramite il sito o ricevendo le nostre e-mail, l\u2019utente da il proprio consenso all\u2019utilizzo di cookie in conformit\u00e0 alla presente \u00abPolitica dei cookie\u00bb (Cookie Policy).<\/p>\n<p><!-- \/wp:paragraph --><!-- wp:paragraph --><\/p>\n<p>COS\u2019E\u2019 LA COOKIE POLICY?<br \/>\nLa Cookie Policy chiarisce in che modo da noi e dai terzi autorizzati vengono utilizzati i cookie quando l\u2019utente interagisce con il nostro sito od utilizza i servizi offerti dal sito stesso.<br \/>\nQuesta Cookie Policy fa parte integrante della nostra \u201cInformativa sulla Privacy\u201d e deve essere letta anch\u2019essa.<br \/>\nLa nostra \u201cInformativa sulla Privacy\u201d spiega cosa facciamo (e cosa non facciamo) con le informazioni, compresi tutti i dati personali che potremmo raccogliere.<\/p>\n<p><!-- \/wp:paragraph --><!-- wp:paragraph --><\/p>\n<p>Sei pregato di leggerle entrambe.<\/p>\n<p><!-- \/wp:paragraph --><!-- wp:paragraph --><\/p>\n<p><strong>CHE COSA SONO I COOKIE?<\/strong><br \/>\nI cookie sono identificatori univoci, generalmente composti da piccole stringhe di testo o di codice.<br \/>\nNormalmente i cookie sono memorizzati sul tuo dispositivo o nel tuo browser e inviano determinate informazioni a chi ha trasmesso il cookie.<br \/>\nPer cookie si intende anche una pi\u00f9 vasta gamma di tecnologie: web beacon, clear gifs, pixel e simili.<br \/>\nPer cookie proprietari si intendono i cookie trasmessi dal sito o dalla app.<br \/>\nPer cookie di terzi si intendono i cookie trasmessi da soggetti terzi, estranei al titolare del trattamento-dati.<\/p>\n<p><!-- \/wp:paragraph --><!-- wp:paragraph --><\/p>\n<p><strong>A CHE SCOPO VENGONO UTILIZZATI I COOKIE?<\/strong><br \/>\nI cookie vengono utilizzati per comprendere meglio come lavorano le applicazioni ed i siti web e per ottimizzare le esperienze online e mobili.<br \/>\nI cookie consentono alla parte che trasmette il cookie di analizzare le prestazioni di un sito web o di un\u2019app mobile, di identificare determinati utenti in modo anonimo e ricordare le loro preferenze, di comprendere se un computer o un dispositivo (e probabilmente il suo utente) ha gi\u00e0 visitato il sito web e di fornire pubblicit\u00e0 personalizzata.<br \/>\nQuando si esplora il nostro sito alcune informazioni vengono acquisite automaticamente a fini statistici o informativi per consentire un miglior servizio.<br \/>\nTali informazioni potrebbero permettere l\u2019identificazione del visitatore.<br \/>\nTra queste informazioni vi sono:<br \/>\n&#8211; l\u2019indirizzo IP<br \/>\n&#8211; l\u2019URI (Uniform Resource Identifier) delle risorse richieste<br \/>\n&#8211; l\u2019orario e la data della richiesta<br \/>\n&#8211; La tipologia di sistema operativo, il browser utilizzato, la risoluzione dello schermo ed altre informazioni tecniche.<\/p>\n<p><!-- \/wp:paragraph --><!-- wp:paragraph --><\/p>\n<p><strong>CHE TIPI DI COOKIE VENGONO UTILIZZATI NEL SITO?<br \/>\n<\/strong>Il nostro sito utilizza principalmente cinque tipi di cookie:<\/p>\n<p><!-- \/wp:paragraph --><!-- wp:paragraph --><\/p>\n<p>1. Cookie operativamente necessari<br \/>\nQuesti cookie sono essenziali per l\u2019operativit\u00e0 del sito e consentono all\u2019utente di utilizzarlo.<br \/>\nDisattivando questi cookie il sito non funzionerebbe correttamente.<\/p>\n<p><!-- \/wp:paragraph --><!-- wp:paragraph --><\/p>\n<p>2. Cookie sulle prestazioni<br \/>\nQuesti cookie raccolgono informazioni sul modo in cui i visitatori utilizzano il sito e monitorano le prestazioni del sito stesso.<br \/>\nAd esempio, i cookie sulle prestazioni ci dicono quali pagine sono pi\u00f9 visitate, monitorano il traffico verso il nostro sito e compilano informazioni analitiche in forma anonima.<br \/>\nI cookie sulle prestazioni possono essere utilizzati anche per individuare e correggere problemi operativi del sito.<\/p>\n<p><!-- \/wp:paragraph --><!-- wp:paragraph --><\/p>\n<p>3. Cookie funzionali<br \/>\nQuesti cookie sono impiegati per riconoscere e ricordare le preferenze degli utenti.<br \/>\nAd esempio, i cookie funzionali potrebbero utilizzare informazioni come l\u2019ubicazione dell\u2019utente, per garantirgli di accedere ad una versione del sito specifica per la sua citt\u00e0 o regione.<\/p>\n<p><!-- \/wp:paragraph --><!-- wp:paragraph --><\/p>\n<p>4. Cookie pubblicitari<br \/>\nAutorizziamo terzi a fornire contenuti pubblicitari personalizzati sul nostro sito e\/o su applicazioni di terzi.\u00a0Tali terzi utilizzano cookie per comprendere il l\u2019interesse dell\u2019utente riguardo alle pubblicit\u00e0 od ai contenuti forniti, per offrire pubblicit\u00e0 mirata.<br \/>\nAd esempio, i cookie di terzi potrebbero registrare informazioni sui contenuti utilizzati o sulle pubblicit\u00e0 visualizzate dall\u2019utente nel nostro sito o in altri.<br \/>\nNon abbiamo diretto controllo dei cookie pubblicitari di terzi e delle informazioni in essi contenute.\u00a0I terzi gestiscono tutte le informazioni raccolte tramite i cookie da loro piazzati, in conformit\u00e0 alle loro politiche sulla privacy.\u00a0L\u2019utente pu\u00f2 disattivare i cookie pubblicitari personalizzati di terzi, ma potrebbe ugualmente ricevere pubblicit\u00e0 online.<\/p>\n<p><!-- \/wp:paragraph --><!-- wp:paragraph --><\/p>\n<p>5. Utilizzo di Flash cookie<br \/>\nIl sito web pu\u00f2 utilizzare Adobe Flash Player per offrire alcuni contenuti multimediali.<br \/>\nSulla maggior parte dei computer il programma risulta installato di default.<br \/>\nNel caso in cui si utilizzino alcuni di questi contenuti, Google Analytics memorizza dati aggiuntivi sul computer, conosciuti anche come Flash cookie (o Local Share Object) con i quali il titolare pu\u00f2 conoscere il numero di volte in cui viene aperto un certo file audio\/video, il numero di persone che lo utilizza fino alla fine e quante persone, invece, lo chiudono prima del termine.<br \/>\nIl sito web di Adobe fornisce informazioni su come rimuovere o disabilitare i cookie di Flash vedi http:\/\/www.adobe.com\/products\/flashplayer\/security<br \/>\nSi rammenta che limitare e\/o eliminare l\u2019uso di questo tipo di flash cookies pu\u00f2 pregiudicare le funzioni disponibili per le applicazioni basate sulla tecnologia Flash<\/p>\n<p><!-- \/wp:paragraph --><!-- wp:paragraph --><\/p>\n<p><strong>QUALI SISTEMI ESTERNI VENGONO UTILIZZATI PER OTTENERE DELLE STATISTICHE SUL SITO ?<\/strong><br \/>\nUtilizziamo Google Analytics, un servizio di web analytics fornito da Google che invia cookies sul tuo dispositivo.<br \/>\nLe informazioni generate dal cookie sul tuo utilizzo del sito (compreso il tuo indirizzo IP, cio\u00e8 il tuo codice identificativo su Internet) vengono trasmesse a Google e conservate su server negli Stati Uniti.<br \/>\nGoogle utilizza queste informazioni per valutare il tuo utilizzo del sito, per predisporre statistiche sull\u2019attivit\u00e0 del sito e per fornire altri servizi relativi all\u2019utilizzo di internet.<br \/>\nGoogle pu\u00f2 anche trasferire queste informazioni a terzi, se richiesto dalla Legge, oppure a terzi che elaborano queste informazioni per conto di Google.<br \/>\nGoogle non associa il tuo indirizzo IP ad alcun altro dato che possiede.<br \/>\nPer ulteriori informazioni su Google Analytics, puoi consultare Cookies and Analytics e la relativa privacy policy per Google Analytics.<\/p>\n<p><!-- \/wp:paragraph --><!-- wp:paragraph --><\/p>\n<p><strong>IN CHE ALTRO MODO POSSO EVITARE I COOKIE?<\/strong><br \/>\nPuoi evitare determinati cookie configurando le impostazioni del tuo browser o disattivando direttamente la parte che gestisce e controlla i cookie.<br \/>\nControlla le impostazioni del tuo browser per informazioni pi\u00f9 dettagliate.<br \/>\n\u00c8 possibile inoltre visitare il sito, in lingua inglese, www.aboutcookies.org per informazioni su come poter gestire\/eliminare i cookie in base al tipo di browser utilizzato.<br \/>\nPer eliminare i cookie dal browser Internet del proprio smartphone\/tablet, \u00e8 necessario fare riferimento al manuale d\u2019uso del dispositivo.<\/p>\n<p><!-- \/wp:paragraph --><!-- wp:paragraph --><\/p>\n<p><strong>LE EMAIL CONTENGONO COOKIE?<\/strong><br \/>\nLe nostre e.mail possono contenere cookie che ci dicono se le hai aperte e se hai cliccato su un qualsiasi link in esse contenuto.<br \/>\nI cookie impiegati nelle nostre e.mail per monitorare tali comportamenti sono univoci per ogni e.mail e non vengono memorizzati dal tuo computer o dispositivo mobile.<\/p>\n<p><!-- \/wp:paragraph --><!-- wp:paragraph --><\/p>\n<p><strong>COME DEVO COMPORTARMI SE HO DUBBI AL RIGUARDO?<\/strong><br \/>\nSe hai ancora dubbi dopo avere letto la presente informativa sulla Cookie Policy, puoi contattarci.<\/p>\n<p><!-- \/wp:paragraph --><!-- wp:paragraph --><\/p>\n<p><strong>DATI FORNITI VOLONTARIAMENTE DALL\u2019UTENTE<\/strong><br \/>\nL\u2019invio facoltativo, esplicito e volontario di posta elettronica agli indirizzi indicati su questo sito comporta la successiva acquisizione dell\u2019indirizzo del mittente, necessario per rispondere alle richieste, nonch\u00e9 degli eventuali altri dati personali inseriti nella missiva.<br \/>\nSpecifiche informative di sintesi verranno progressivamente riportate o visualizzate nelle pagine del sito predisposte per particolari servizi a richiesta.<\/p>\n<p><!-- \/wp:paragraph --><!-- wp:paragraph --><\/p>\n<p><strong>FACOLTATIVITA\u2019 DEL CONFERIMENTO DEI DATI<\/strong><br \/>\nPer completezza va ricordato che in alcuni casi (non riguardanti l\u2019ordinaria gestione di questo sito) l&#8217;Autorit\u00e0 giudiziaria ed il Garante per la Privacy possono richiedere notizie e informazioni ai sensi del Dlgs 196\/2003, ai fini del controllo sul trattamento dei dati personali.<br \/>\nIn tali casi la comunicazione dei dati \u00e8 obbligatoria..<\/p>\n<p><!-- \/wp:paragraph --><!-- wp:paragraph --><\/p>\n<p><strong>MODALITA\u2019 DEL TRATTAMENTO<\/strong><br \/>\nI dati personali sono trattati con strumenti automatizzati, per il tempo strettamente necessario a conseguire gli scopi per cui sono stati raccolti.<br \/>\nSpecifiche misure di sicurezza sono attivate per prevenire perdita dei dati, usi illeciti ed accessi non autorizzati.<\/p>\n<p><!-- \/wp:paragraph --><!-- wp:paragraph --><\/p>\n<p><strong>DIRITTI DEGLI INTERESSATI<\/strong><br \/>\nI soggetti cui si riferiscono i dati personali hanno il diritto, in qualunque momento, di ottenere la conferma dell\u2019esistenza o meno dei medesimi dati e di conoscerne il contenuto e l\u2019origine, verificarne l\u2019esattezza o chiederne l\u2019integrazione, l\u2019aggiornamento o la rettifica (ai sensi del Dlgs 196\/2003) sia nel database del titolare del trattamento dei dati, sia in quello dei suoi Partner.<br \/>\nPer quanto concerne i Partner, gli utenti dovranno rivolgersi direttamente a loro, utilizzando indirizzi ed informazioni che il titolare del trattamento dei dati ha ricevuto dai Partner al momento del passaggio dei dati, sempre dichiarato in modo trasparente.<br \/>\nAi sensi del medesimo Dlgs 196\/2003 l\u2019utente ha il diritto di chiedere la cancellazione, la trasformazione in forma anonima o il blocco dei dati trattati in violazione di legge, nonch\u00e9 di opporsi in ogni caso, per motivi legittimi, al loro trattamento.<br \/>\nPer qualsiasi contestazione riguardo alla policy privacy di un sito web, l\u2019utente pu\u00f2 inviare un esposto all&#8217;Ufficio del Garante della Privacy.<\/p>\n","protected":false},"excerpt":{"rendered":"<p>Privacy policy: i Dlgs 69 e 70\/2012 su \u201cPrivacy sito web\u201d stabiliscono (in conformit\u00e0 alle direttive europee, che dal 3\/6\/2015 \u00e8 obbligatorio pubblicare nei siti l\u2019informativa privacy del sito web, detta anche \u201cPrivacy policy sito web\u201c. Privacy policy sito web \u201cRealizzazione siti web e SEO Google\u201d Questa pagina descrive le modalit\u00e0 di gestione del sito, [&hellip;]<\/p>\n","protected":false},"author":1,"featured_media":0,"parent":0,"menu_order":0,"comment_status":"closed","ping_status":"open","template":"","meta":{"footnotes":""},"class_list":["post-3","page","type-page","status-publish","hentry"],"_links":{"self":[{"href":"https:\/\/unitreorte.it\/wordpress\/wp-json\/wp\/v2\/pages\/3","targetHints":{"allow":["GET"]}}],"collection":[{"href":"https:\/\/unitreorte.it\/wordpress\/wp-json\/wp\/v2\/pages"}],"about":[{"href":"https:\/\/unitreorte.it\/wordpress\/wp-json\/wp\/v2\/types\/page"}],"author":[{"embeddable":true,"href":"https:\/\/unitreorte.it\/wordpress\/wp-json\/wp\/v2\/users\/1"}],"replies":[{"embeddable":true,"href":"https:\/\/unitreorte.it\/wordpress\/wp-json\/wp\/v2\/comments?post=3"}],"version-history":[{"count":1,"href":"https:\/\/unitreorte.it\/wordpress\/wp-json\/wp\/v2\/pages\/3\/revisions"}],"predecessor-version":[{"id":53844,"href":"https:\/\/unitreorte.it\/wordpress\/wp-json\/wp\/v2\/pages\/3\/revisions\/53844"}],"wp:attachment":[{"href":"https:\/\/unitreorte.it\/wordpress\/wp-json\/wp\/v2\/media?parent=3"}],"curies":[{"name":"wp","href":"https:\/\/api.w.org\/{rel}","templated":true}]}}